{"id":12,"date":"2024-05-09T11:01:13","date_gmt":"2024-05-09T11:01:13","guid":{"rendered":"https:\/\/siperianhusky.fi\/erkkari24\/?page_id=12"},"modified":"2024-08-08T08:44:54","modified_gmt":"2024-08-08T08:44:54","slug":"etusivu","status":"publish","type":"page","link":"https:\/\/siperianhusky.fi\/erkkari24\/","title":{"rendered":"Etusivu"},"content":{"rendered":"\n<h2 class=\"wp-block-heading has-text-align-center\">Tervetuloa Suomalainen Siperianhuskyseura ry:n erikoisn\u00e4yttelyyn Mikkeliin Visulahteen 14.-15.9.2024!<\/h2>\n\n\n\n<p><strong>Ulkomuototuomarit:<\/strong> Paula Rekiranta ja Jouko Leivisk\u00e4.<\/p>\n\n\n\n<p><strong>N\u00e4yttelypaikka:<\/strong> Visulahden matkailukeskus, Visulahdentie 1, 50180 Mikkeli.<\/p>\n\n\n\n<p><strong>Lauantaina 14.9. arvostellaan:<\/strong> <br>pennut (5- alle 7 kk ja 7- alle 9kk), ROP- ja VSP-pentu, urokset (jun. nuo, avo, k\u00e4y, val ja vet) ja paras uros.<\/p>\n\n\n\n<p><strong>Sunnuntaina 15.9. arvostellaan:<\/strong> <br>nartut (jun. nuo, avo, k\u00e4y, val ja vet), kasvattaja- ja j\u00e4lkel\u00e4isluokat,&nbsp;valitaan ROP- ja VSP-juniori, ROP- ja VSP-veteraani sek\u00e4 ROP ja VSP.<\/p>\n\n\n\n<p><strong>Luokkajaottelut:<\/strong><br>Jouko Leivisk\u00e4: Pennut, Juniorit, Nuoret, Avoimet, Paras narttu ja J\u00e4lkel\u00e4isluokka<br>Paula Rekiranta: K\u00e4ytt\u00f6, Valiot, Veteraanit, Paras uros ja Kasvattajaluokka<\/p>\n\n\n\n<p><strong><span style=\"text-decoration: underline;\">LUOKKAJAKOA SAATETAAN JOUTUA MUOKKAAMAAN LUOKKAKOHTAISISTA KOIRAM\u00c4\u00c4RIST\u00c4 RIIPPUEN<\/span><span style=\"text-decoration: underline;\"><\/span><\/strong><\/p>\n\n\n\n<p>N\u00e4yttelyss\u00e4 my\u00f6s lapsi &amp; koira\/lelukoira kilpailu!<\/p>\n\n\n\n<p>L\u00f6yd\u00e4t tapahtuman my\u00f6s <a href=\"https:\/\/www.facebook.com\/events\/974604604250019\" target=\"_blank\" rel=\"noreferrer noopener\">Facebookista!<\/a><\/p>\n\n\n\n<iframe src=\"https:\/\/www.google.com\/maps\/embed?pb=!1m18!1m12!1m3!1d1891.4369626552368!2d27.346673278123784!3d61.70144927584885!2m3!1f0!2f0!3f0!3m2!1i1024!2i768!4f13.1!3m3!1m2!1s0x469aa218501e9327%3A0xb58268f0e0b6bb5d!2sVisulahdentie%201%2C%2050180%20Mikkeli!5e0!3m2!1sfi!2sfi!4v1715253087771!5m2!1sfi!2sfi\" width=\"600\" height=\"450\" style=\"border:0;\" allowfullscreen=\"\" loading=\"lazy\" referrerpolicy=\"no-referrer-when-downgrade\"><\/iframe>\n","protected":false},"excerpt":{"rendered":"<p>Tervetuloa Suomalainen Siperianhuskyseura ry:n erikoisn\u00e4yttelyyn Mikkeliin Visulahteen 14.-15.9.2024! Ulkomuototuomarit: Paula Rekiranta ja Jouko Leivisk\u00e4. N\u00e4yttelypaikka: Visulahden matkailukeskus, Visulahdentie 1, 50180 Mikkeli. Lauantaina 14.9. arvostellaan: pennut (5- alle 7 kk ja 7- alle 9kk), ROP- ja VSP-pentu, urokset (jun. nuo, avo, k\u00e4y, val ja vet) ja paras uros. Sunnuntaina 15.9. arvostellaan: nartut (jun. nuo, avo, k\u00e4y, [&hellip;]<\/p>\n","protected":false},"author":2,"featured_media":0,"parent":0,"menu_order":0,"comment_status":"closed","ping_status":"closed","template":"","meta":{"footnotes":""},"class_list":["post-12","page","type-page","status-publish","hentry"],"_links":{"self":[{"href":"https:\/\/siperianhusky.fi\/erkkari24\/wp-json\/wp\/v2\/pages\/12","targetHints":{"allow":["GET"]}}],"collection":[{"href":"https:\/\/siperianhusky.fi\/erkkari24\/wp-json\/wp\/v2\/pages"}],"about":[{"href":"https:\/\/siperianhusky.fi\/erkkari24\/wp-json\/wp\/v2\/types\/page"}],"author":[{"embeddable":true,"href":"https:\/\/siperianhusky.fi\/erkkari24\/wp-json\/wp\/v2\/users\/2"}],"replies":[{"embeddable":true,"href":"https:\/\/siperianhusky.fi\/erkkari24\/wp-json\/wp\/v2\/comments?post=12"}],"version-history":[{"count":10,"href":"https:\/\/siperianhusky.fi\/erkkari24\/wp-json\/wp\/v2\/pages\/12\/revisions"}],"predecessor-version":[{"id":91,"href":"https:\/\/siperianhusky.fi\/erkkari24\/wp-json\/wp\/v2\/pages\/12\/revisions\/91"}],"wp:attachment":[{"href":"https:\/\/siperianhusky.fi\/erkkari24\/wp-json\/wp\/v2\/media?parent=12"}],"curies":[{"name":"wp","href":"https:\/\/api.w.org\/{rel}","templated":true}]}}