{"id":20,"date":"2024-05-09T12:12:59","date_gmt":"2024-05-09T12:12:59","guid":{"rendered":"https:\/\/siperianhusky.fi\/erkkari24\/?page_id=20"},"modified":"2024-05-28T20:37:25","modified_gmt":"2024-05-28T20:37:25","slug":"ilmoittautuminen","status":"publish","type":"page","link":"https:\/\/siperianhusky.fi\/erkkari24\/ilmoittautuminen\/","title":{"rendered":"Ilmoittautuminen"},"content":{"rendered":"\n<p>Ilmoittautumiset tulee suorittaa<strong> 18.8.<\/strong> <strong>\/ 25.8.<\/strong> menness\u00e4.<\/p>\n\n\n\n<p><strong>N\u00e4yttelyss\u00e4 vain online-ilmoittautuminen ja n\u00e4yttelykirjeet l\u00e4hetet\u00e4\u00e4n vain s\u00e4hk\u00f6postitse! <\/strong>Ilmoittaessaan koiransa n\u00e4yttelyn n\u00e4ytteilleasettaja sitoutuu noudattamaan Suomen Kennelliiton voimassa olevia n\u00e4yttelys\u00e4\u00e4nt\u00f6j\u00e4 ja niit\u00e4 t\u00e4ydent\u00e4vi\u00e4 ohjeita sek\u00e4 rokotusm\u00e4\u00e4r\u00e4yksi\u00e4. S\u00e4\u00e4nn\u00f6t l\u00f6ytyv\u00e4t <a href=\"https:\/\/www.kennelliitto.fi\/koiraharrastukset\/koiranayttelyt\/ohjeita-ja-lomakkeita-nayttelyyn-osallistujille-ja-nayttelyn-jarjestajille\"><strong>Kennelliiton kotisivuilta.<\/strong><\/a><\/p>\n\n\n\n<p>Ilmoittautuminen osoitteessa <a href=\"https:\/\/www.showlink.fi\/show\/\" data-type=\"link\" data-id=\"https:\/\/www.showlink.fi\/show\/\" target=\"_blank\" rel=\"noreferrer noopener\">www.showlink.fi<\/a> \u2192 <a href=\"https:\/\/ilmoittautuminen.kennelliitto.fi\/frmIlmoittautuminen.aspx?N=13172&amp;Lang=FIN\" data-type=\"link\" data-id=\"https:\/\/ilmoittautuminen.kennelliitto.fi\/frmIlmoittautuminen.aspx?N=13172&amp;Lang=FIN\" target=\"_blank\" rel=\"noreferrer noopener\"><strong>ILMOITTAUDU N\u00c4YTTELYYN<\/strong><\/a><\/p>\n\n\n\n<p>Online-ilmoittautumisesta tulee aina vahvistus s\u00e4hk\u00f6postiisi. Jollet saa vahvistusta, ota v\u00e4litt\u00f6m\u00e4sti yhteytt\u00e4 asiakaspalveluumme. Tarkasta ilmoittautumisesta koirasi tiedot ja kilpailuluokka.\u00a0Netti-ilmoittautuminen maksetaan verkkopankilla tai luottokortilla ilmoittautumisen yhteydess\u00e4.<\/p>\n\n\n\n<h3 class=\"wp-block-heading\">Ilmoittautumismaksut<\/h3>\n\n\n\n<p><strong>Ilmoittautumismaksut 18.8. menness\u00e4:<\/strong><br>&#8211; ilmoittautumismaksu <strong>32 \u20ac, <\/strong>saman omistajan<strong> 3.<\/strong> jne koira <strong>23 \u20ac<\/strong><br>&#8211; pennut ja veteraanit<strong> 23 \u20ac<\/strong><br>&#8211; yli 10v veteraaniluokkaan<strong> ilmaiseksi<\/strong><\/p>\n\n\n\n<p><strong>Ilmoittautumismaksut 18.8.-25.8. v\u00e4lisen\u00e4 aikana<\/strong>:<br><strong>45 \u20ac \/ koira <\/strong>(kaikki luokat)<\/p>\n\n\n\n<h3 class=\"wp-block-heading\">Lis\u00e4tietoa<\/h3>\n\n\n\n<p><strong>Huom! <\/strong>Alennuksen (saman omistajan kolmas jne. koira) saaminen edellytt\u00e4\u00e4 sit\u00e4, ett\u00e4 ilmoittautumiset tehd\u00e4\u00e4n samalla ilmoittautumiskerralla. Samaksi omistajaksi tulkitaan ilmoittautumistapahtuman ensimm\u00e4iselle koiralle ensimm\u00e4iseksi omistajaksi merkitty henkil\u00f6. <strong>Alennus lasketaan vain t\u00e4ysihintaisista ilmoittautumismaksuista (ei esim. pentujen tai veteraanien maksuista).<\/strong><\/p>\n\n\n\n<p>Ilmoittautumisajan p\u00e4\u00e4ttymisen j\u00e4lkeen koiraa ei voida siirt\u00e4\u00e4 toiseen luokkaan (ellei kysymyksess\u00e4 ole j\u00e4rjest\u00e4j\u00e4st\u00e4 johtuva virhe).<br>Uros, jolla ei ole normaalit kivekset saa hyl\u00e4tyn.<\/p>\n\n\n\n<p><strong>Rokotusm\u00e4\u00e4r\u00e4ykset <\/strong>Suomen Kennelliitto-Finska Kennelklubben ry:n m\u00e4\u00e4r\u00e4ysten mukaan.<br>Suomen lain vastaisesti typistetyt koirat eiv\u00e4t saa osallistua n\u00e4yttelyyn.<br>N\u00e4yttelyyn osallistuvan koiran tulee olla tunnistusmerkitty.<br>Tunnistusmerkint\u00e4 on pakollinen Kennelliiton virallisissa n\u00e4yttelyiss\u00e4, kokeissa ja kilpailuissa.<\/p>\n\n\n\n<p><strong>Antidoping \u2013valvonta<\/strong><br>Dopingvalvonta koskee kaikkia Suomen Kennelliiton my\u00f6nt\u00e4mi\u00e4 n\u00e4yttelyit\u00e4, kilpailuja ja kokeita. Ajankohtaisinta tietoa osoitteessa <a href=\"https:\/\/www.kennelliitto.fi\/koiraharrastukset\/antidoping\">KENNELLIITTO \/ ANTIDOPING<\/a><\/p>\n","protected":false},"excerpt":{"rendered":"<p>Ilmoittautumiset tulee suorittaa 18.8. \/ 25.8. menness\u00e4. N\u00e4yttelyss\u00e4 vain online-ilmoittautuminen ja n\u00e4yttelykirjeet l\u00e4hetet\u00e4\u00e4n vain s\u00e4hk\u00f6postitse! Ilmoittaessaan koiransa n\u00e4yttelyn n\u00e4ytteilleasettaja sitoutuu noudattamaan Suomen Kennelliiton voimassa olevia n\u00e4yttelys\u00e4\u00e4nt\u00f6j\u00e4 ja niit\u00e4 t\u00e4ydent\u00e4vi\u00e4 ohjeita sek\u00e4 rokotusm\u00e4\u00e4r\u00e4yksi\u00e4. S\u00e4\u00e4nn\u00f6t l\u00f6ytyv\u00e4t Kennelliiton kotisivuilta. Ilmoittautuminen osoitteessa www.showlink.fi \u2192 ILMOITTAUDU N\u00c4YTTELYYN Online-ilmoittautumisesta tulee aina vahvistus s\u00e4hk\u00f6postiisi. Jollet saa vahvistusta, ota v\u00e4litt\u00f6m\u00e4sti yhteytt\u00e4 asiakaspalveluumme. Tarkasta [&hellip;]<\/p>\n","protected":false},"author":2,"featured_media":0,"parent":0,"menu_order":0,"comment_status":"closed","ping_status":"closed","template":"","meta":{"footnotes":""},"class_list":["post-20","page","type-page","status-publish","hentry"],"_links":{"self":[{"href":"https:\/\/siperianhusky.fi\/erkkari24\/wp-json\/wp\/v2\/pages\/20","targetHints":{"allow":["GET"]}}],"collection":[{"href":"https:\/\/siperianhusky.fi\/erkkari24\/wp-json\/wp\/v2\/pages"}],"about":[{"href":"https:\/\/siperianhusky.fi\/erkkari24\/wp-json\/wp\/v2\/types\/page"}],"author":[{"embeddable":true,"href":"https:\/\/siperianhusky.fi\/erkkari24\/wp-json\/wp\/v2\/users\/2"}],"replies":[{"embeddable":true,"href":"https:\/\/siperianhusky.fi\/erkkari24\/wp-json\/wp\/v2\/comments?post=20"}],"version-history":[{"count":7,"href":"https:\/\/siperianhusky.fi\/erkkari24\/wp-json\/wp\/v2\/pages\/20\/revisions"}],"predecessor-version":[{"id":64,"href":"https:\/\/siperianhusky.fi\/erkkari24\/wp-json\/wp\/v2\/pages\/20\/revisions\/64"}],"wp:attachment":[{"href":"https:\/\/siperianhusky.fi\/erkkari24\/wp-json\/wp\/v2\/media?parent=20"}],"curies":[{"name":"wp","href":"https:\/\/api.w.org\/{rel}","templated":true}]}}