{"id":35,"date":"2024-05-09T12:50:32","date_gmt":"2024-05-09T12:50:32","guid":{"rendered":"https:\/\/siperianhusky.fi\/erkkari24\/?page_id=35"},"modified":"2024-09-10T12:24:48","modified_gmt":"2024-09-10T12:24:48","slug":"aikataulut","status":"publish","type":"page","link":"https:\/\/siperianhusky.fi\/erkkari24\/aikataulut\/","title":{"rendered":"Aikataulut"},"content":{"rendered":"\n<p><em>Mobiililuettelo ostettavissa Showlinkin sovelluksesta hintaa 3,49 \u20ac<\/em><\/p>\n\n\n\n<p><em>Molemmissa kehiss\u00e4, molempina p\u00e4ivin\u00e4 pidet\u00e4\u00e4n lounastauko ~45 min.<\/em><\/p>\n\n\n\n<h3 class=\"wp-block-heading\">LAUANTAI, arvostelu alkaa klo 10.00<\/h3>\n\n\n\n<p><strong>Keh\u00e4 1 &#8211; Paula Rekiranta<\/strong><\/p>\n\n\n\n<figure class=\"wp-block-table\"><table class=\"has-fixed-layout\"><tbody><tr><td><strong>UROKSET<\/strong><\/td><td><\/td><\/tr><tr><td>K\u00e4ytt\u00f6luokka<\/td><td>22<\/td><\/tr><tr><td>Valiot<\/td><td>15<\/td><\/tr><tr><td>Veteraani<\/td><td>18<\/td><\/tr><tr><td><strong>Paras uros<\/strong><\/td><td><\/td><\/tr><\/tbody><\/table><\/figure>\n\n\n\n<p><strong>Keh\u00e4 2 &#8211; Jouko Leivisk\u00e4<\/strong><\/p>\n\n\n\n<figure class=\"wp-block-table\"><table class=\"has-fixed-layout\"><tbody><tr><td><strong>Pikkupennut urokset<\/strong><\/td><td>3<\/td><\/tr><tr><td><strong>Pennut urokset<\/strong><\/td><td>3<\/td><\/tr><tr><td><strong>Pikkupennut nartut<\/strong><\/td><td>5<\/td><\/tr><tr><td><strong>Pennut nartut<\/strong><\/td><td>2<\/td><\/tr><tr><td><strong>ROP\/VSP PENTU<\/strong><\/td><td><\/td><\/tr><tr><td><strong>UROKSET<\/strong><\/td><td><\/td><\/tr><tr><td>Juniorit<\/td><td>16<\/td><\/tr><tr><td>Nuoret<\/td><td>5<\/td><\/tr><tr><td>Avoin<\/td><td>35<\/td><\/tr><\/tbody><\/table><\/figure>\n\n\n\n<hr class=\"wp-block-separator has-alpha-channel-opacity is-style-wide\"\/>\n\n\n\n<h3 class=\"wp-block-heading\">SUNNUTAI, arvostelu alkaa klo 9.00<\/h3>\n\n\n\n<p><strong>Keh\u00e4 1 &#8211; Paula Rekiranta<\/strong><\/p>\n\n\n\n<figure class=\"wp-block-table\"><table class=\"has-fixed-layout\"><tbody><tr><td><strong>NARTUT<\/strong><\/td><td><\/td><\/tr><tr><td>K\u00e4ytt\u00f6luokka<\/td><td>31<\/td><\/tr><tr><td>Valiot<\/td><td>12<\/td><\/tr><tr><td>Veteraanit<\/td><td>29<\/td><\/tr><\/tbody><\/table><\/figure>\n\n\n\n<p><strong>Keh\u00e4 2 &#8211; Jouko Leivisk\u00e4<\/strong><\/p>\n\n\n\n<figure class=\"wp-block-table\"><table class=\"has-fixed-layout\"><tbody><tr><td><strong>NARTUT<\/strong><\/td><td><\/td><\/tr><tr><td>Juniorit<\/td><td>21<\/td><\/tr><tr><td>Nuoret<\/td><td>10<\/td><\/tr><tr><td>Avoin<\/td><td>40<\/td><\/tr><tr><td><strong>Paras narttu<\/strong><\/td><td><\/td><\/tr><\/tbody><\/table><\/figure>\n\n\n\n<figure class=\"wp-block-table\"><table class=\"has-fixed-layout\"><tbody><tr><td><strong>ROP\/VSP JUN<\/strong><\/td><td>Jouko Leivisk\u00e4<\/td><\/tr><tr><td><strong>ROP\/VSP VET<\/strong><\/td><td>Paula Rekiranta<\/td><\/tr><tr><td><strong>ROP\/VSP K\u00c4Y<\/strong><\/td><td>Paula Rekiranta<\/td><\/tr><tr><td><strong>ROP\/VSP<\/strong><\/td><td>Paula Rekiranta<\/td><\/tr><tr><td><strong>ROP KASVATTAJALUOKKA 17 kpl<\/strong><\/td><td>Paula Rekiranta<\/td><\/tr><tr><td><strong>ROP J\u00c4LKEL\u00c4ISLUOKKA 12 kpl<\/strong><\/td><td>Jouko Leivisk\u00e4<\/td><\/tr><\/tbody><\/table><\/figure>\n","protected":false},"excerpt":{"rendered":"<p>Mobiililuettelo ostettavissa Showlinkin sovelluksesta hintaa 3,49 \u20ac Molemmissa kehiss\u00e4, molempina p\u00e4ivin\u00e4 pidet\u00e4\u00e4n lounastauko ~45 min. LAUANTAI, arvostelu alkaa klo 10.00 Keh\u00e4 1 &#8211; Paula Rekiranta UROKSET K\u00e4ytt\u00f6luokka 22 Valiot 15 Veteraani 18 Paras uros Keh\u00e4 2 &#8211; Jouko Leivisk\u00e4 Pikkupennut urokset 3 Pennut urokset 3 Pikkupennut nartut 5 Pennut nartut 2 ROP\/VSP PENTU UROKSET Juniorit [&hellip;]<\/p>\n","protected":false},"author":2,"featured_media":0,"parent":0,"menu_order":0,"comment_status":"closed","ping_status":"closed","template":"","meta":{"footnotes":""},"class_list":["post-35","page","type-page","status-publish","hentry"],"_links":{"self":[{"href":"https:\/\/siperianhusky.fi\/erkkari24\/wp-json\/wp\/v2\/pages\/35","targetHints":{"allow":["GET"]}}],"collection":[{"href":"https:\/\/siperianhusky.fi\/erkkari24\/wp-json\/wp\/v2\/pages"}],"about":[{"href":"https:\/\/siperianhusky.fi\/erkkari24\/wp-json\/wp\/v2\/types\/page"}],"author":[{"embeddable":true,"href":"https:\/\/siperianhusky.fi\/erkkari24\/wp-json\/wp\/v2\/users\/2"}],"replies":[{"embeddable":true,"href":"https:\/\/siperianhusky.fi\/erkkari24\/wp-json\/wp\/v2\/comments?post=35"}],"version-history":[{"count":14,"href":"https:\/\/siperianhusky.fi\/erkkari24\/wp-json\/wp\/v2\/pages\/35\/revisions"}],"predecessor-version":[{"id":136,"href":"https:\/\/siperianhusky.fi\/erkkari24\/wp-json\/wp\/v2\/pages\/35\/revisions\/136"}],"wp:attachment":[{"href":"https:\/\/siperianhusky.fi\/erkkari24\/wp-json\/wp\/v2\/media?parent=35"}],"curies":[{"name":"wp","href":"https:\/\/api.w.org\/{rel}","templated":true}]}}