{"id":11,"date":"2024-11-08T07:41:38","date_gmt":"2024-11-08T07:41:38","guid":{"rendered":"https:\/\/siperianhusky.fi\/erkkari25\/?page_id=11"},"modified":"2025-04-20T13:08:42","modified_gmt":"2025-04-20T13:08:42","slug":"in-english","status":"publish","type":"page","link":"https:\/\/siperianhusky.fi\/erkkari25\/in-english\/","title":{"rendered":"In English"},"content":{"rendered":"\n<h3 class=\"wp-block-heading has-text-align-center\">Welcome to P\u00f6rken\u00e4s, Pietarsaari where the Finnish Siberian Husky Specialty Show takes place in 3.-4.5.2025!<\/h3>\n\n\n\n<p>Show will be held at P\u00f6rken\u00e4s Camp Center<br><strong>Address:&nbsp;<\/strong>P\u00f6rken\u00e4sv\u00e4gen 565, FI-68630 Pietarsaari\/Jakostad <strong><em>It is prohibited to bring any alcohol to the show venue!<\/em><\/strong><\/p>\n\n\n\n<h3 class=\"wp-block-heading\">Judges<\/h3>\n\n\n\n<p><strong>Julie Foard (Iso-Britannia)<\/strong>&nbsp;and&nbsp;<strong>Nina Janger (Finland)<\/strong><\/p>\n\n\n\n<p>Both jugdes are reserve judges to each other.<br><br><strong>Classes:<\/strong><\/p>\n\n\n\n<p>Julie Foard: Junior (+BOB), Working (+BOB), Champion, Best Dog and Progency Class, BEST OF BREED<br>Nina Janger: Puppies (+BOB), Intermediate, Open, Veteran (+BOB), Best Bitch and Breeders\u2019 Class<\/p>\n\n\n\n<p><strong>The division of the classes will be specified on the basis of the final number of dogs.<\/strong><\/p>\n\n\n\n<h3 class=\"wp-block-heading\">Entries<\/h3>\n\n\n\n<p><strong>Only online-entry in this show and all the show info and numbers will be send by email!<\/strong><\/p>\n\n\n\n<p>When entering to a show, the exhibitor undertakes to follow the valid&nbsp;<a href=\"https:\/\/www.kennelliitto.fi\/en\/activities\/dog-shows\">Show Regulations<\/a>&nbsp;and&nbsp;<a href=\"https:\/\/www.kennelliitto.fi\/en\/forms\/vaccination-regulations-finnish-kennel-club\">Vaccination Instructions<\/a>&nbsp;of the Finnish Kennel Club.<\/p>\n\n\n\n<p>Entry:&nbsp;<a href=\"https:\/\/www.showlink.fi\/show\/\" target=\"_blank\" rel=\"noreferrer noopener\">www.showlink.fi<\/a>&nbsp;\u2192&nbsp;<strong><a href=\"https:\/\/ilmoittautuminen.kennelliitto.fi\/frmIlmoittautuminen.aspx?Lang=ENG&amp;N=13642\" target=\"_blank\" rel=\"noreferrer noopener\">ONLINE ENTRY<\/a><\/strong><\/p>\n\n\n\n<p><strong>Closing dates for entries: 13.4.<\/strong>&nbsp;<strong>\/<\/strong>&nbsp;<strong>20.4.<\/strong><\/p>\n\n\n\n<p><strong>Entry fee until 13.4.<\/strong><br><strong>32 \u20ac<\/strong>&nbsp;\/&nbsp;<strong>1st&nbsp;<\/strong>dog,<strong>&nbsp;3. etc. dog<\/strong>&nbsp;of the same owner<strong>&nbsp;23 \u20ac<\/strong><br>puppies and veterans&nbsp;<strong>23 \u20ac<\/strong><br>veterans over 10 years&nbsp;<strong>free&nbsp;<\/strong>to veteran class<\/p>\n\n\n\n<p><strong>Entry fee<\/strong>&nbsp;<strong>between 14.-20.4.<\/strong><br><strong>45 \u20ac<\/strong>&nbsp;<strong>\/ dog<\/strong>&nbsp;(all classes)<\/p>\n\n\n\n<p>To enter in&nbsp;<strong>championclass<\/strong>&nbsp;a championship certificate is needed unless the dog is FI CH already or has been shown in champion class in Finland before.<br>To enter in&nbsp;<strong>working class&nbsp;<\/strong>a WCC (working class certificate) is needed unless the working merit has been obtained in Finland.<br>If mentioned certificates are missing, the dog will be automatically entered in \u201dOpen Class\u201d. Please, send copies to info(a)showlink.fi with show and dog\u2019s information, if copies are not attached to entry form or online-entry.<\/p>\n\n\n\n<p>In order to get the reduced entry fee for the same owner\u2019s 2nd etc. dog, you must enter all dogs at the same time. A reduced entry fee for the same owner\u2019s 2nd etc. dog is only given for regularly priced entry fees (not entries for puppies or veterans). The reduced entry fee for the same owner\u2019s 2nd etc. dog is based on the person marked as the owner of the first dog entered in the entry session at online-entry.<\/p>\n\n\n\n<p><strong>Cropped and docked dogs<\/strong><br>Cropped and docked dogs born after 1.1.2001 are not allowed to participate shows held in Finland.<\/p>\n\n\n\n<p><strong>Vaccination instructions for the Show<\/strong><br>The show is subject to the vaccination directions approved by the Finnish Kennel Club. The organizers are obliged to inspect vaccination certificates for all dogs taking part. Please, check the custom regulations for importing dogs to Finland. Check also your own country\u2019s regulations when turning back.<\/p>\n\n\n\n<p><strong>Anti-Doping<\/strong><br>The Anti-Doping rules, approved by the Council of the Finnish Kennel Club have come into force on 1.1.2007. These rules concern all the shows, trials and tests approved by the Finnish Kennel Club. Visit also&nbsp;<a href=\"http:\/\/www.kennelliitto.fi\/\" target=\"_blank\" rel=\"noreferrer noopener\">www.kennelliitto.fi<\/a>&nbsp;for current information.<\/p>\n\n\n\n<h3 class=\"wp-block-heading\">Schedules<\/h3>\n\n\n\n<p>Will be published about week before the show in here:&nbsp;<a href=\"https:\/\/siperianhusky.fi\/erkkari25\/aikataulut\/\">Aikataulut<\/a><\/p>\n\n\n\n<h3 class=\"wp-block-heading\">Accommodation<\/h3>\n\n\n\n<p>It is possible to stay overnight in a dormitory at the show venue. There are 9 rooms for 4 people available at a price of \u20ac120.00 per night and 1 room for 6 people at a price of \u20ac180.00 per night. Kitchen, toilet, and shower facilities are shared.<\/p>\n\n\n\n<p>Reservations can be made by email at <strong>erkkari25(a)siperianhusky.fi<\/strong>, where you will receive payment instructions. Cancellations must be made by <strong>April 1, 2025<\/strong>, for a full refund. After this date, no refunds will be issued for canceled reservations.<\/p>\n\n\n\n<p><strong>Pets and alcohol are not allowed in the accommodation.<\/strong><\/p>\n\n\n\n<p>A lakeside sauna is available free of charge for dormitory guests on Saturday. For others, the sauna costs \u20ac10.00 per person.<\/p>\n\n\n\n<p>It is also possible to stay at the show venue in a caravan, camper, or tent. However, no electricity, toilet, or shower facilities are available for these options.<\/p>\n\n\n\n<p><strong>The entire area is smoke-free.<\/strong><\/p>\n\n\n\n<p>Accommodation at show venue:&nbsp;<strong>erkkari25(a)siperianhusky.fi<\/strong><\/p>\n\n\n\n<p>More accommodations can be found here:&nbsp;<a href=\"https:\/\/paljakka.fi\/majoituspalvelut\/\"><\/a><a href=\"https:\/\/www.visitmikkeli.fi\/en\/accommodation\" target=\"_blank\" rel=\"noreferrer noopener\"><\/a><a href=\"https:\/\/en.jakobstad.fi\/lodging\">Lodging &#8211; Jakobstad<\/a><\/p>\n\n\n\n<p><strong>Lunch:<\/strong><br>On Saturday, lasagna, and on Sunday, meat soup \u2014 both lactose-free. The lunch price includes the meal, salad bar, a beverage (milk or water), and coffee. On Sunday, bread is also served with the soup.<\/p>\n\n\n\n<p>Price: \u20ac13.00 per person, payable on-site at the restaurant.<\/p>\n\n\n\n<p>Lunch reservations should be made in advance by April 20th by calling +358 50 5768254. If you prefer a gluten-free or vegetarian option, please mention this when making your reservation!<\/p>\n\n\n\n<p><strong>Event area map:<\/strong><\/p>\n\n\n\n<figure class=\"wp-block-image size-large\"><img loading=\"lazy\" decoding=\"async\" width=\"660\" height=\"1024\" src=\"https:\/\/siperianhusky.fi\/erkkari25\/wp-content\/uploads\/2025\/04\/Aluekartta-660x1024.jpeg\" alt=\"\" class=\"wp-image-179\" srcset=\"https:\/\/siperianhusky.fi\/erkkari25\/wp-content\/uploads\/2025\/04\/Aluekartta-660x1024.jpeg 660w, https:\/\/siperianhusky.fi\/erkkari25\/wp-content\/uploads\/2025\/04\/Aluekartta-193x300.jpeg 193w, https:\/\/siperianhusky.fi\/erkkari25\/wp-content\/uploads\/2025\/04\/Aluekartta-768x1191.jpeg 768w, https:\/\/siperianhusky.fi\/erkkari25\/wp-content\/uploads\/2025\/04\/Aluekartta-624x968.jpeg 624w, https:\/\/siperianhusky.fi\/erkkari25\/wp-content\/uploads\/2025\/04\/Aluekartta.jpeg 856w\" sizes=\"auto, (max-width: 660px) 100vw, 660px\" \/><\/figure>\n\n\n\n<h3 class=\"wp-block-heading\">More info<\/h3>\n\n\n\n<p>From&nbsp;<strong>erkkari25(a)siperianhusky.fi<\/strong>&nbsp;or Anna P\u00f6yry&nbsp;<strong>+358 40 505 2185<\/strong><\/p>\n","protected":false},"excerpt":{"rendered":"<p>Welcome to P\u00f6rken\u00e4s, Pietarsaari where the Finnish Siberian Husky Specialty Show takes place in 3.-4.5.2025! Show will be held at P\u00f6rken\u00e4s Camp CenterAddress:&nbsp;P\u00f6rken\u00e4sv\u00e4gen 565, FI-68630 Pietarsaari\/Jakostad It is prohibited to bring any alcohol to the show venue! Judges Julie Foard (Iso-Britannia)&nbsp;and&nbsp;Nina Janger (Finland) Both jugdes are reserve judges to each other. Classes: Julie Foard: Junior [&hellip;]<\/p>\n","protected":false},"author":2,"featured_media":0,"parent":0,"menu_order":0,"comment_status":"closed","ping_status":"closed","template":"","meta":{"pagelayer_contact_templates":[],"_pagelayer_content":"","footnotes":""},"class_list":["post-11","page","type-page","status-publish","hentry"],"_links":{"self":[{"href":"https:\/\/siperianhusky.fi\/erkkari25\/wp-json\/wp\/v2\/pages\/11","targetHints":{"allow":["GET"]}}],"collection":[{"href":"https:\/\/siperianhusky.fi\/erkkari25\/wp-json\/wp\/v2\/pages"}],"about":[{"href":"https:\/\/siperianhusky.fi\/erkkari25\/wp-json\/wp\/v2\/types\/page"}],"author":[{"embeddable":true,"href":"https:\/\/siperianhusky.fi\/erkkari25\/wp-json\/wp\/v2\/users\/2"}],"replies":[{"embeddable":true,"href":"https:\/\/siperianhusky.fi\/erkkari25\/wp-json\/wp\/v2\/comments?post=11"}],"version-history":[{"count":9,"href":"https:\/\/siperianhusky.fi\/erkkari25\/wp-json\/wp\/v2\/pages\/11\/revisions"}],"predecessor-version":[{"id":184,"href":"https:\/\/siperianhusky.fi\/erkkari25\/wp-json\/wp\/v2\/pages\/11\/revisions\/184"}],"wp:attachment":[{"href":"https:\/\/siperianhusky.fi\/erkkari25\/wp-json\/wp\/v2\/media?parent=11"}],"curies":[{"name":"wp","href":"https:\/\/api.w.org\/{rel}","templated":true}]}}