{"id":15,"date":"2024-11-08T07:42:24","date_gmt":"2024-11-08T07:42:24","guid":{"rendered":"https:\/\/siperianhusky.fi\/erkkari25\/?page_id=15"},"modified":"2024-11-19T10:11:40","modified_gmt":"2024-11-19T10:11:40","slug":"majoitus","status":"publish","type":"page","link":"https:\/\/siperianhusky.fi\/erkkari25\/majoitus\/","title":{"rendered":"Majoitus"},"content":{"rendered":"\n<p>N\u00e4yttelyalueella on mahdollista y\u00f6py\u00e4 asuntolassa yhteismajoituksessa. Varattavissa 9 kpl 4 henkil\u00f6n huonetta hintaan <strong>120,00 \u20ac\/y\u00f6<\/strong> sek\u00e4 1 kpl 6 henkil\u00f6n huone hintaan <strong>180,00 \u20ac\/y\u00f6<\/strong>. Yhteisk\u00e4yt\u00f6ss\u00e4 keitti\u00f6-, wc- ja suihkutilat.<\/p>\n\n\n\n<p>Varaukset s\u00e4hk\u00f6postilla <strong>erkkari25(a)siperianhusky.fi<\/strong>, josta saatte maksuohjeet. Peruutus viimeist\u00e4\u00e4n 1.4.2025, jolloin maksu varauksesta palautetaan. T\u00e4m\u00e4n j\u00e4lkeen peruutetuista majoitusvarauksista maksua ei palauteta. <\/p>\n\n\n\n<p>Majoitukseen ei saa tuoda koiria eik\u00e4 alkoholia.<\/p>\n\n\n\n<p>Rantasauna asuntolassa majoittuvien k\u00e4yt\u00f6ss\u00e4 lauantaina veloituksetta, muille rantasaunan hinta 10,00 \u20ac\/henkil\u00f6.<\/p>\n\n\n\n<p>Alueella saa y\u00f6py\u00e4 asuntovaunussa, -autossa ja teltassa. N\u00e4ihin ei ole saatavilla s\u00e4hk\u00f6\u00e4 eik\u00e4 p\u00e4\u00e4sy\u00e4 wc- tai suihkutiloihin.<\/p>\n\n\n\n<p><strong>Koko alue on savuton.<\/strong><br><br>Lis\u00e4\u00e4 majoituspalveluita l\u00f6ytyy: <a href=\"https:\/\/pietarsaari.fi\/majoitu\" target=\"_blank\" rel=\"noreferrer noopener\">Majoitu &#8211; Pietarsaari<\/a><\/p>\n","protected":false},"excerpt":{"rendered":"<p>N\u00e4yttelyalueella on mahdollista y\u00f6py\u00e4 asuntolassa yhteismajoituksessa. Varattavissa 9 kpl 4 henkil\u00f6n huonetta hintaan 120,00 \u20ac\/y\u00f6 sek\u00e4 1 kpl 6 henkil\u00f6n huone hintaan 180,00 \u20ac\/y\u00f6. Yhteisk\u00e4yt\u00f6ss\u00e4 keitti\u00f6-, wc- ja suihkutilat. Varaukset s\u00e4hk\u00f6postilla erkkari25(a)siperianhusky.fi, josta saatte maksuohjeet. Peruutus viimeist\u00e4\u00e4n 1.4.2025, jolloin maksu varauksesta palautetaan. T\u00e4m\u00e4n j\u00e4lkeen peruutetuista majoitusvarauksista maksua ei palauteta. Majoitukseen ei saa tuoda koiria eik\u00e4 [&hellip;]<\/p>\n","protected":false},"author":2,"featured_media":0,"parent":0,"menu_order":0,"comment_status":"closed","ping_status":"closed","template":"","meta":{"pagelayer_contact_templates":[],"_pagelayer_content":"","footnotes":""},"class_list":["post-15","page","type-page","status-publish","hentry"],"_links":{"self":[{"href":"https:\/\/siperianhusky.fi\/erkkari25\/wp-json\/wp\/v2\/pages\/15","targetHints":{"allow":["GET"]}}],"collection":[{"href":"https:\/\/siperianhusky.fi\/erkkari25\/wp-json\/wp\/v2\/pages"}],"about":[{"href":"https:\/\/siperianhusky.fi\/erkkari25\/wp-json\/wp\/v2\/types\/page"}],"author":[{"embeddable":true,"href":"https:\/\/siperianhusky.fi\/erkkari25\/wp-json\/wp\/v2\/users\/2"}],"replies":[{"embeddable":true,"href":"https:\/\/siperianhusky.fi\/erkkari25\/wp-json\/wp\/v2\/comments?post=15"}],"version-history":[{"count":7,"href":"https:\/\/siperianhusky.fi\/erkkari25\/wp-json\/wp\/v2\/pages\/15\/revisions"}],"predecessor-version":[{"id":158,"href":"https:\/\/siperianhusky.fi\/erkkari25\/wp-json\/wp\/v2\/pages\/15\/revisions\/158"}],"wp:attachment":[{"href":"https:\/\/siperianhusky.fi\/erkkari25\/wp-json\/wp\/v2\/media?parent=15"}],"curies":[{"name":"wp","href":"https:\/\/api.w.org\/{rel}","templated":true}]}}