{"id":23,"date":"2024-11-08T07:43:45","date_gmt":"2024-11-08T07:43:45","guid":{"rendered":"https:\/\/siperianhusky.fi\/erkkari25\/?page_id=23"},"modified":"2025-04-25T05:50:20","modified_gmt":"2025-04-25T05:50:20","slug":"aikataulut","status":"publish","type":"page","link":"https:\/\/siperianhusky.fi\/erkkari25\/aikataulut\/","title":{"rendered":"Aikataulut"},"content":{"rendered":"\n<p><a href=\"https:\/\/siperianhusky.fi\/erkkari25\/wp-content\/uploads\/2025\/04\/SH_er25_kirje.pdf\"><strong>Aikataulukirje<\/strong><\/a><\/p>\n\n\n\n<p><em>Mobiililuettelo ostettavissa Showlinkin sovelluksesta hintaa 3,49 \u20ac<\/em><\/p>\n\n\n\n<p><em>Molemmissa kehiss\u00e4, molempina p\u00e4ivin\u00e4 pidet\u00e4\u00e4n lounastauko ~45 min.<\/em><\/p>\n\n\n\n<h3 class=\"wp-block-heading\">LAUANTAI, arvostelu alkaa klo 10.00<\/h3>\n\n\n\n<p><strong>Keh\u00e4 1 &#8211; Julie Foard<\/strong><\/p>\n\n\n\n<figure class=\"wp-block-table\"><table class=\"has-fixed-layout\"><tbody><tr><td><strong>UROKSET<\/strong><\/td><td><\/td><\/tr><tr><td>Junioriluokka<\/td><td>9<\/td><\/tr><tr><td>K\u00e4ytt\u00f6luokka<\/td><td>24<\/td><\/tr><tr><td>Valioluokka<\/td><td>12<\/td><\/tr><tr><td><strong>Paras uros<\/strong><\/td><td><\/td><\/tr><\/tbody><\/table><\/figure>\n\n\n\n<p><strong>Keh\u00e4 2 &#8211; Nina Janger<\/strong><\/p>\n\n\n\n<figure class=\"wp-block-table\"><table class=\"has-fixed-layout\"><tbody><tr><td><strong>Pikkupennut urokset<\/strong><\/td><td>1<\/td><\/tr><tr><td><strong>Pikkupennut nartut<\/strong><\/td><td>2<\/td><\/tr><tr><td><strong>Pennut nartut<\/strong><\/td><td>1<\/td><\/tr><tr><td><strong>ROP\/VSP PENTU<\/strong><\/td><td><\/td><\/tr><tr><td><strong>UROKSET<\/strong><\/td><td><\/td><\/tr><tr><td>Nuorten luokka<\/td><td>5<\/td><\/tr><tr><td>Avoin luokka<\/td><td>16<\/td><\/tr><tr><td>Veteraaninluokka<\/td><td>9<\/td><\/tr><\/tbody><\/table><\/figure>\n\n\n\n<h3 class=\"wp-block-heading\">SUNNUTAI, arvostelu alkaa klo 9.00<\/h3>\n\n\n\n<p><strong>Keh\u00e4 1 &#8211; Julie Foard<\/strong><\/p>\n\n\n\n<figure class=\"wp-block-table\"><table class=\"has-fixed-layout\"><tbody><tr><td><strong>NARTUT<\/strong><\/td><td><\/td><\/tr><tr><td>Junioriluokka<\/td><td>20<\/td><\/tr><tr><td>K\u00e4ytt\u00f6luokka<\/td><td>23<\/td><\/tr><tr><td>Valioluokka<\/td><td>9<\/td><\/tr><\/tbody><\/table><\/figure>\n\n\n\n<p><strong>Keh\u00e4 2 &#8211; Nina Janger<\/strong><\/p>\n\n\n\n<figure class=\"wp-block-table\"><table class=\"has-fixed-layout\"><tbody><tr><td><strong>NARTUT<\/strong><\/td><td><\/td><\/tr><tr><td>Nuorten luokka<\/td><td>12<\/td><\/tr><tr><td>Avoin luokka<\/td><td>31<\/td><\/tr><tr><td>Veteraaniluokka<\/td><td>19<\/td><\/tr><tr><td><strong>Paras narttu<\/strong><\/td><td><\/td><\/tr><\/tbody><\/table><\/figure>\n\n\n\n<figure class=\"wp-block-table\"><table class=\"has-fixed-layout\"><tbody><tr><td><strong>ROP\/VSP JUN<\/strong><\/td><td>Julie Foard<\/td><\/tr><tr><td><strong>ROP\/VSP VET<\/strong><\/td><td>Nina Janger<\/td><\/tr><tr><td><strong>ROP\/VSP K\u00c4Y<\/strong><\/td><td>Julie Foard<\/td><\/tr><tr><td><strong>ROP\/VSP<\/strong><\/td><td>Julie Foard<\/td><\/tr><tr><td><strong>ROP KASVATTAJALUOKKA 14 kpl<\/strong><\/td><td>Nina Janger<\/td><\/tr><tr><td><strong>ROP J\u00c4LKEL\u00c4ISLUOKKA 7 kpl<\/strong><\/td><td>Julie Foard<\/td><\/tr><\/tbody><\/table><\/figure>\n","protected":false},"excerpt":{"rendered":"<p>Aikataulukirje Mobiililuettelo ostettavissa Showlinkin sovelluksesta hintaa 3,49 \u20ac Molemmissa kehiss\u00e4, molempina p\u00e4ivin\u00e4 pidet\u00e4\u00e4n lounastauko ~45 min. LAUANTAI, arvostelu alkaa klo 10.00 Keh\u00e4 1 &#8211; Julie Foard UROKSET Junioriluokka 9 K\u00e4ytt\u00f6luokka 24 Valioluokka 12 Paras uros Keh\u00e4 2 &#8211; Nina Janger Pikkupennut urokset 1 Pikkupennut nartut 2 Pennut nartut 1 ROP\/VSP PENTU UROKSET Nuorten luokka 5 [&hellip;]<\/p>\n","protected":false},"author":2,"featured_media":0,"parent":0,"menu_order":0,"comment_status":"closed","ping_status":"closed","template":"","meta":{"pagelayer_contact_templates":[],"_pagelayer_content":"","footnotes":""},"class_list":["post-23","page","type-page","status-publish","hentry"],"_links":{"self":[{"href":"https:\/\/siperianhusky.fi\/erkkari25\/wp-json\/wp\/v2\/pages\/23","targetHints":{"allow":["GET"]}}],"collection":[{"href":"https:\/\/siperianhusky.fi\/erkkari25\/wp-json\/wp\/v2\/pages"}],"about":[{"href":"https:\/\/siperianhusky.fi\/erkkari25\/wp-json\/wp\/v2\/types\/page"}],"author":[{"embeddable":true,"href":"https:\/\/siperianhusky.fi\/erkkari25\/wp-json\/wp\/v2\/users\/2"}],"replies":[{"embeddable":true,"href":"https:\/\/siperianhusky.fi\/erkkari25\/wp-json\/wp\/v2\/comments?post=23"}],"version-history":[{"count":5,"href":"https:\/\/siperianhusky.fi\/erkkari25\/wp-json\/wp\/v2\/pages\/23\/revisions"}],"predecessor-version":[{"id":189,"href":"https:\/\/siperianhusky.fi\/erkkari25\/wp-json\/wp\/v2\/pages\/23\/revisions\/189"}],"wp:attachment":[{"href":"https:\/\/siperianhusky.fi\/erkkari25\/wp-json\/wp\/v2\/media?parent=23"}],"curies":[{"name":"wp","href":"https:\/\/api.w.org\/{rel}","templated":true}]}}