{"id":9,"date":"2024-11-08T07:41:21","date_gmt":"2024-11-08T07:41:21","guid":{"rendered":"https:\/\/siperianhusky.fi\/erkkari25\/?page_id=9"},"modified":"2024-11-29T14:44:05","modified_gmt":"2024-11-29T14:44:05","slug":"ilmoittautuminen","status":"publish","type":"page","link":"https:\/\/siperianhusky.fi\/erkkari25\/ilmoittautuminen\/","title":{"rendered":"Ilmoittautuminen"},"content":{"rendered":"\n<p>Ilmoittautumiset tulee suorittaa<strong>&nbsp;13.4.<\/strong>&nbsp;<strong>\/ 20.4.<\/strong>&nbsp;menness\u00e4.<\/p>\n\n\n\n<p><strong>N\u00e4yttelyss\u00e4 vain online-ilmoittautuminen ja n\u00e4yttelykirjeet l\u00e4hetet\u00e4\u00e4n vain s\u00e4hk\u00f6postitse!&nbsp;<\/strong>Ilmoittaessaan koiransa n\u00e4yttelyn n\u00e4ytteilleasettaja sitoutuu noudattamaan Suomen Kennelliiton voimassa olevia n\u00e4yttelys\u00e4\u00e4nt\u00f6j\u00e4 ja niit\u00e4 t\u00e4ydent\u00e4vi\u00e4 ohjeita sek\u00e4 rokotusm\u00e4\u00e4r\u00e4yksi\u00e4. S\u00e4\u00e4nn\u00f6t l\u00f6ytyv\u00e4t&nbsp;<a href=\"https:\/\/www.kennelliitto.fi\/koiraharrastukset\/koiranayttelyt\/ohjeita-ja-lomakkeita-nayttelyyn-osallistujille-ja-nayttelyn-jarjestajille\"><strong>Kennelliiton kotisivuilta.<\/strong><\/a><\/p>\n\n\n\n<p>Ilmoittautuminen osoitteessa\u00a0<a href=\"https:\/\/www.showlink.fi\/show\/\" target=\"_blank\" rel=\"noreferrer noopener\">www.showlink.fi<\/a>\u00a0\u2192\u00a0<strong><a href=\"https:\/\/ilmoittautuminen.kennelliitto.fi\/frmIlmoittautuminen.aspx?N=13642&amp;Lang=FIN\" target=\"_blank\" rel=\"noreferrer noopener\">ILMOITTAUDU N\u00c4YTTELYYN<\/a><\/strong><\/p>\n\n\n\n<p>Online-ilmoittautumisesta tulee aina vahvistus s\u00e4hk\u00f6postiisi. Jollet saa vahvistusta, ota v\u00e4litt\u00f6m\u00e4sti yhteytt\u00e4 asiakaspalveluumme. Tarkasta ilmoittautumisesta koirasi tiedot ja kilpailuluokka.&nbsp;Netti-ilmoittautuminen maksetaan verkkopankilla tai luottokortilla ilmoittautumisen yhteydess\u00e4.<\/p>\n\n\n\n<h3 class=\"wp-block-heading\">Ilmoittautumismaksut<\/h3>\n\n\n\n<p><strong>Ilmoittautumismaksut 13.4. menness\u00e4:<\/strong><br>\u2013 ilmoittautumismaksu&nbsp;<strong>32 \u20ac,&nbsp;<\/strong>saman omistajan<strong>&nbsp;3.<\/strong>&nbsp;jne koira&nbsp;<strong>23 \u20ac<\/strong><br>\u2013 pennut ja veteraanit<strong>&nbsp;23 \u20ac<\/strong><br>\u2013 yli 10v veteraaniluokkaan<strong>&nbsp;ilmaiseksi<\/strong><\/p>\n\n\n\n<p><strong>Ilmoittautumismaksut 14.-20.4. v\u00e4lisen\u00e4 aikana<\/strong>:<br><strong>45 \u20ac \/ koira&nbsp;<\/strong>(kaikki luokat)<\/p>\n\n\n\n<h3 class=\"wp-block-heading\">Lis\u00e4tietoa<\/h3>\n\n\n\n<p><strong>Huom!&nbsp;<\/strong>Alennuksen (saman omistajan kolmas jne. koira) saaminen edellytt\u00e4\u00e4 sit\u00e4, ett\u00e4 ilmoittautumiset tehd\u00e4\u00e4n samalla ilmoittautumiskerralla. Samaksi omistajaksi tulkitaan ilmoittautumistapahtuman ensimm\u00e4iselle koiralle ensimm\u00e4iseksi omistajaksi merkitty henkil\u00f6.&nbsp;<strong>Alennus lasketaan vain t\u00e4ysihintaisista ilmoittautumismaksuista (ei esim. pentujen tai veteraanien maksuista).<\/strong><\/p>\n\n\n\n<p>Ilmoittautumisajan p\u00e4\u00e4ttymisen j\u00e4lkeen koiraa ei voida siirt\u00e4\u00e4 toiseen luokkaan (ellei kysymyksess\u00e4 ole j\u00e4rjest\u00e4j\u00e4st\u00e4 johtuva virhe).<br>Uros, jolla ei ole normaalit kivekset saa hyl\u00e4tyn.<\/p>\n\n\n\n<p><strong>Rokotusm\u00e4\u00e4r\u00e4ykset&nbsp;<\/strong>Suomen Kennelliitto-Finska Kennelklubben ry:n m\u00e4\u00e4r\u00e4ysten mukaan.<br>Suomen lain vastaisesti typistetyt koirat eiv\u00e4t saa osallistua n\u00e4yttelyyn.<br>N\u00e4yttelyyn osallistuvan koiran tulee olla tunnistusmerkitty.<br>Tunnistusmerkint\u00e4 on pakollinen Kennelliiton virallisissa n\u00e4yttelyiss\u00e4, kokeissa ja kilpailuissa.<\/p>\n\n\n\n<p><strong>Antidoping \u2013valvonta<\/strong><br>Dopingvalvonta koskee kaikkia Suomen Kennelliiton my\u00f6nt\u00e4mi\u00e4 n\u00e4yttelyit\u00e4, kilpailuja ja kokeita. Ajankohtaisinta tietoa osoitteessa&nbsp;<a href=\"https:\/\/www.kennelliitto.fi\/koiraharrastukset\/antidoping\">KENNELLIITTO \/ ANTIDOPING<\/a><\/p>\n","protected":false},"excerpt":{"rendered":"<p>Ilmoittautumiset tulee suorittaa&nbsp;13.4.&nbsp;\/ 20.4.&nbsp;menness\u00e4. N\u00e4yttelyss\u00e4 vain online-ilmoittautuminen ja n\u00e4yttelykirjeet l\u00e4hetet\u00e4\u00e4n vain s\u00e4hk\u00f6postitse!&nbsp;Ilmoittaessaan koiransa n\u00e4yttelyn n\u00e4ytteilleasettaja sitoutuu noudattamaan Suomen Kennelliiton voimassa olevia n\u00e4yttelys\u00e4\u00e4nt\u00f6j\u00e4 ja niit\u00e4 t\u00e4ydent\u00e4vi\u00e4 ohjeita sek\u00e4 rokotusm\u00e4\u00e4r\u00e4yksi\u00e4. S\u00e4\u00e4nn\u00f6t l\u00f6ytyv\u00e4t&nbsp;Kennelliiton kotisivuilta. Ilmoittautuminen osoitteessa\u00a0www.showlink.fi\u00a0\u2192\u00a0ILMOITTAUDU N\u00c4YTTELYYN Online-ilmoittautumisesta tulee aina vahvistus s\u00e4hk\u00f6postiisi. Jollet saa vahvistusta, ota v\u00e4litt\u00f6m\u00e4sti yhteytt\u00e4 asiakaspalveluumme. Tarkasta ilmoittautumisesta koirasi tiedot ja kilpailuluokka.&nbsp;Netti-ilmoittautuminen maksetaan verkkopankilla tai [&hellip;]<\/p>\n","protected":false},"author":2,"featured_media":0,"parent":0,"menu_order":0,"comment_status":"closed","ping_status":"closed","template":"","meta":{"pagelayer_contact_templates":[],"_pagelayer_content":"","footnotes":""},"class_list":["post-9","page","type-page","status-publish","hentry"],"_links":{"self":[{"href":"https:\/\/siperianhusky.fi\/erkkari25\/wp-json\/wp\/v2\/pages\/9","targetHints":{"allow":["GET"]}}],"collection":[{"href":"https:\/\/siperianhusky.fi\/erkkari25\/wp-json\/wp\/v2\/pages"}],"about":[{"href":"https:\/\/siperianhusky.fi\/erkkari25\/wp-json\/wp\/v2\/types\/page"}],"author":[{"embeddable":true,"href":"https:\/\/siperianhusky.fi\/erkkari25\/wp-json\/wp\/v2\/users\/2"}],"replies":[{"embeddable":true,"href":"https:\/\/siperianhusky.fi\/erkkari25\/wp-json\/wp\/v2\/comments?post=9"}],"version-history":[{"count":3,"href":"https:\/\/siperianhusky.fi\/erkkari25\/wp-json\/wp\/v2\/pages\/9\/revisions"}],"predecessor-version":[{"id":163,"href":"https:\/\/siperianhusky.fi\/erkkari25\/wp-json\/wp\/v2\/pages\/9\/revisions\/163"}],"wp:attachment":[{"href":"https:\/\/siperianhusky.fi\/erkkari25\/wp-json\/wp\/v2\/media?parent=9"}],"curies":[{"name":"wp","href":"https:\/\/api.w.org\/{rel}","templated":true}]}}