{"id":20,"date":"2026-02-09T17:08:22","date_gmt":"2026-02-09T17:08:22","guid":{"rendered":"https:\/\/siperianhusky.fi\/erkkari26\/?page_id=20"},"modified":"2026-04-01T11:23:05","modified_gmt":"2026-04-01T11:23:05","slug":"novelty-of-the-month","status":"publish","type":"page","link":"https:\/\/siperianhusky.fi\/erkkari26\/novelty-of-the-month\/","title":{"rendered":"Novelty Of The Month"},"content":{"rendered":"\n<p>Rodun kotimaan erikoisn\u00e4yttelyst\u00e4, Yhdysvalloista, Suomeen tuotu idea &#8221;Novelty Of The Month&#8221; esittelee kuukausittain vaihtuvan <strong>erkkarituotteen<\/strong>, joka on tilattavissa rajoitetun ajan.<\/p>\n\n\n\n<h2 class=\"wp-block-heading\"><strong>HUOM! Tuotteita ei l\u00e4hetet\u00e4, vaan ainoastaan nouto erikoisn\u00e4yttelyst\u00e4!<\/strong><\/h2>\n\n\n\n<p>Tuote 1:n tilausohjeet:<\/p>\n\n\n\n<p>Maksa ensiksi alla olevilla tiedoilla (tuotteen \u00e0-hinnan n\u00e4et alta), jonka j\u00e4lkeen l\u00e4het\u00e4 kuitti maksustasek\u00e4 kappalem\u00e4\u00e4r\u00e4 ja tilaajan nimi osoitteeseen jonna.laine0 (@) gmail.com<\/p>\n\n\n\n<p>Tilinumero: <strong>FI20 5108 0220 0589 60<\/strong>, BIC: <strong>OKOYFIHH<\/strong><\/p>\n\n\n\n<p>Saaja: <strong>Suomalainen siperianhusky seura<\/strong><\/p>\n\n\n\n<p>Viitenro: <strong>9218<\/strong><\/p>\n\n\n\n<p><em>For english instructions, ask from jonna.laine0 (@) gmail.com<\/em><\/p>\n\n\n\n<div class=\"wp-block-media-text is-stacked-on-mobile\"><figure class=\"wp-block-media-text__media\"><img loading=\"lazy\" decoding=\"async\" width=\"1024\" height=\"784\" src=\"https:\/\/siperianhusky.fi\/erkkari26\/wp-content\/uploads\/2026\/04\/ER26Lippis-1024x784.jpeg\" alt=\"\" class=\"wp-image-68 size-full\" srcset=\"https:\/\/siperianhusky.fi\/erkkari26\/wp-content\/uploads\/2026\/04\/ER26Lippis-1024x784.jpeg 1024w, https:\/\/siperianhusky.fi\/erkkari26\/wp-content\/uploads\/2026\/04\/ER26Lippis-300x230.jpeg 300w, https:\/\/siperianhusky.fi\/erkkari26\/wp-content\/uploads\/2026\/04\/ER26Lippis-768x588.jpeg 768w, https:\/\/siperianhusky.fi\/erkkari26\/wp-content\/uploads\/2026\/04\/ER26Lippis-624x477.jpeg 624w, https:\/\/siperianhusky.fi\/erkkari26\/wp-content\/uploads\/2026\/04\/ER26Lippis.jpeg 1303w\" sizes=\"auto, (max-width: 1024px) 100vw, 1024px\" \/><\/figure><div class=\"wp-block-media-text__content\">\n<h2 class=\"wp-block-heading\"><span style=\"text-decoration: underline;\">Flexfit Retro Trucker Lippis (tuote 1) <\/span>tilattavissa vain 1.-31.4.2026<\/h2>\n\n\n\n<h3 class=\"wp-block-heading\">25,00 \u20ac\/kappale<\/h3>\n<\/div><\/div>\n\n\n\n<div class=\"wp-block-media-text has-media-on-the-right is-stacked-on-mobile\"><div class=\"wp-block-media-text__content\">\n<p><em>Tuote 2<\/em><\/p>\n<\/div><figure class=\"wp-block-media-text__media\"><img loading=\"lazy\" decoding=\"async\" width=\"1024\" height=\"1024\" src=\"https:\/\/siperianhusky.fi\/erkkari26\/wp-content\/uploads\/2026\/02\/cropped-ER2026_Logo-scaled-1-1024x1024.png\" alt=\"\" class=\"wp-image-33 size-full\" srcset=\"https:\/\/siperianhusky.fi\/erkkari26\/wp-content\/uploads\/2026\/02\/cropped-ER2026_Logo-scaled-1-1024x1024.png 1024w, https:\/\/siperianhusky.fi\/erkkari26\/wp-content\/uploads\/2026\/02\/cropped-ER2026_Logo-scaled-1-300x300.png 300w, https:\/\/siperianhusky.fi\/erkkari26\/wp-content\/uploads\/2026\/02\/cropped-ER2026_Logo-scaled-1-150x150.png 150w, https:\/\/siperianhusky.fi\/erkkari26\/wp-content\/uploads\/2026\/02\/cropped-ER2026_Logo-scaled-1-768x768.png 768w, https:\/\/siperianhusky.fi\/erkkari26\/wp-content\/uploads\/2026\/02\/cropped-ER2026_Logo-scaled-1-1536x1536.png 1536w, https:\/\/siperianhusky.fi\/erkkari26\/wp-content\/uploads\/2026\/02\/cropped-ER2026_Logo-scaled-1-624x624.png 624w, https:\/\/siperianhusky.fi\/erkkari26\/wp-content\/uploads\/2026\/02\/cropped-ER2026_Logo-scaled-1.png 2000w\" sizes=\"auto, (max-width: 1024px) 100vw, 1024px\" \/><\/figure><\/div>\n\n\n\n<div class=\"wp-block-media-text is-stacked-on-mobile\"><figure class=\"wp-block-media-text__media\"><img loading=\"lazy\" decoding=\"async\" width=\"1024\" height=\"1024\" src=\"https:\/\/siperianhusky.fi\/erkkari26\/wp-content\/uploads\/2026\/02\/cropped-ER2026_Logo-scaled-1-1024x1024.png\" alt=\"\" class=\"wp-image-33 size-full\" srcset=\"https:\/\/siperianhusky.fi\/erkkari26\/wp-content\/uploads\/2026\/02\/cropped-ER2026_Logo-scaled-1-1024x1024.png 1024w, https:\/\/siperianhusky.fi\/erkkari26\/wp-content\/uploads\/2026\/02\/cropped-ER2026_Logo-scaled-1-300x300.png 300w, https:\/\/siperianhusky.fi\/erkkari26\/wp-content\/uploads\/2026\/02\/cropped-ER2026_Logo-scaled-1-150x150.png 150w, https:\/\/siperianhusky.fi\/erkkari26\/wp-content\/uploads\/2026\/02\/cropped-ER2026_Logo-scaled-1-768x768.png 768w, https:\/\/siperianhusky.fi\/erkkari26\/wp-content\/uploads\/2026\/02\/cropped-ER2026_Logo-scaled-1-1536x1536.png 1536w, https:\/\/siperianhusky.fi\/erkkari26\/wp-content\/uploads\/2026\/02\/cropped-ER2026_Logo-scaled-1-624x624.png 624w, https:\/\/siperianhusky.fi\/erkkari26\/wp-content\/uploads\/2026\/02\/cropped-ER2026_Logo-scaled-1.png 2000w\" sizes=\"auto, (max-width: 1024px) 100vw, 1024px\" \/><\/figure><div class=\"wp-block-media-text__content\">\n<p><em>Tuote 3<\/em><\/p>\n<\/div><\/div>\n\n\n\n<div class=\"wp-block-media-text has-media-on-the-right is-stacked-on-mobile\"><div class=\"wp-block-media-text__content\">\n<p><em>Tuote 4<\/em><\/p>\n<\/div><figure class=\"wp-block-media-text__media\"><img loading=\"lazy\" decoding=\"async\" width=\"1024\" height=\"1024\" src=\"https:\/\/siperianhusky.fi\/erkkari26\/wp-content\/uploads\/2026\/02\/cropped-ER2026_Logo-scaled-1-1024x1024.png\" alt=\"\" class=\"wp-image-33 size-full\" srcset=\"https:\/\/siperianhusky.fi\/erkkari26\/wp-content\/uploads\/2026\/02\/cropped-ER2026_Logo-scaled-1-1024x1024.png 1024w, https:\/\/siperianhusky.fi\/erkkari26\/wp-content\/uploads\/2026\/02\/cropped-ER2026_Logo-scaled-1-300x300.png 300w, https:\/\/siperianhusky.fi\/erkkari26\/wp-content\/uploads\/2026\/02\/cropped-ER2026_Logo-scaled-1-150x150.png 150w, https:\/\/siperianhusky.fi\/erkkari26\/wp-content\/uploads\/2026\/02\/cropped-ER2026_Logo-scaled-1-768x768.png 768w, https:\/\/siperianhusky.fi\/erkkari26\/wp-content\/uploads\/2026\/02\/cropped-ER2026_Logo-scaled-1-1536x1536.png 1536w, https:\/\/siperianhusky.fi\/erkkari26\/wp-content\/uploads\/2026\/02\/cropped-ER2026_Logo-scaled-1-624x624.png 624w, https:\/\/siperianhusky.fi\/erkkari26\/wp-content\/uploads\/2026\/02\/cropped-ER2026_Logo-scaled-1.png 2000w\" sizes=\"auto, (max-width: 1024px) 100vw, 1024px\" \/><\/figure><\/div>\n\n\n\n<div class=\"wp-block-media-text is-stacked-on-mobile\"><figure class=\"wp-block-media-text__media\"><img loading=\"lazy\" decoding=\"async\" width=\"1024\" height=\"1024\" src=\"https:\/\/siperianhusky.fi\/erkkari26\/wp-content\/uploads\/2026\/02\/cropped-ER2026_Logo-scaled-1-1024x1024.png\" alt=\"\" class=\"wp-image-33 size-full\" srcset=\"https:\/\/siperianhusky.fi\/erkkari26\/wp-content\/uploads\/2026\/02\/cropped-ER2026_Logo-scaled-1-1024x1024.png 1024w, https:\/\/siperianhusky.fi\/erkkari26\/wp-content\/uploads\/2026\/02\/cropped-ER2026_Logo-scaled-1-300x300.png 300w, https:\/\/siperianhusky.fi\/erkkari26\/wp-content\/uploads\/2026\/02\/cropped-ER2026_Logo-scaled-1-150x150.png 150w, https:\/\/siperianhusky.fi\/erkkari26\/wp-content\/uploads\/2026\/02\/cropped-ER2026_Logo-scaled-1-768x768.png 768w, https:\/\/siperianhusky.fi\/erkkari26\/wp-content\/uploads\/2026\/02\/cropped-ER2026_Logo-scaled-1-1536x1536.png 1536w, https:\/\/siperianhusky.fi\/erkkari26\/wp-content\/uploads\/2026\/02\/cropped-ER2026_Logo-scaled-1-624x624.png 624w, https:\/\/siperianhusky.fi\/erkkari26\/wp-content\/uploads\/2026\/02\/cropped-ER2026_Logo-scaled-1.png 2000w\" sizes=\"auto, (max-width: 1024px) 100vw, 1024px\" \/><\/figure><div class=\"wp-block-media-text__content\">\n<p><em>Tuote 5<\/em><\/p>\n<\/div><\/div>\n","protected":false},"excerpt":{"rendered":"<p>Rodun kotimaan erikoisn\u00e4yttelyst\u00e4, Yhdysvalloista, Suomeen tuotu idea &#8221;Novelty Of The Month&#8221; esittelee kuukausittain vaihtuvan erkkarituotteen, joka on tilattavissa rajoitetun ajan. HUOM! Tuotteita ei l\u00e4hetet\u00e4, vaan ainoastaan nouto erikoisn\u00e4yttelyst\u00e4! Tuote 1:n tilausohjeet: Maksa ensiksi alla olevilla tiedoilla (tuotteen \u00e0-hinnan n\u00e4et alta), jonka j\u00e4lkeen l\u00e4het\u00e4 kuitti maksustasek\u00e4 kappalem\u00e4\u00e4r\u00e4 ja tilaajan nimi osoitteeseen jonna.laine0 (@) gmail.com Tilinumero: FI20 [&hellip;]<\/p>\n","protected":false},"author":2,"featured_media":0,"parent":0,"menu_order":0,"comment_status":"closed","ping_status":"closed","template":"","meta":{"footnotes":""},"class_list":["post-20","page","type-page","status-publish","hentry"],"_links":{"self":[{"href":"https:\/\/siperianhusky.fi\/erkkari26\/wp-json\/wp\/v2\/pages\/20","targetHints":{"allow":["GET"]}}],"collection":[{"href":"https:\/\/siperianhusky.fi\/erkkari26\/wp-json\/wp\/v2\/pages"}],"about":[{"href":"https:\/\/siperianhusky.fi\/erkkari26\/wp-json\/wp\/v2\/types\/page"}],"author":[{"embeddable":true,"href":"https:\/\/siperianhusky.fi\/erkkari26\/wp-json\/wp\/v2\/users\/2"}],"replies":[{"embeddable":true,"href":"https:\/\/siperianhusky.fi\/erkkari26\/wp-json\/wp\/v2\/comments?post=20"}],"version-history":[{"count":9,"href":"https:\/\/siperianhusky.fi\/erkkari26\/wp-json\/wp\/v2\/pages\/20\/revisions"}],"predecessor-version":[{"id":76,"href":"https:\/\/siperianhusky.fi\/erkkari26\/wp-json\/wp\/v2\/pages\/20\/revisions\/76"}],"wp:attachment":[{"href":"https:\/\/siperianhusky.fi\/erkkari26\/wp-json\/wp\/v2\/media?parent=20"}],"curies":[{"name":"wp","href":"https:\/\/api.w.org\/{rel}","templated":true}]}}