{"id":263,"date":"2017-09-05T09:37:42","date_gmt":"2017-09-05T07:37:42","guid":{"rendered":"http:\/\/siperianhusky.info\/wp\/?page_id=263"},"modified":"2018-03-27T15:12:14","modified_gmt":"2018-03-27T13:12:14","slug":"jalostusneuvonnan-ohjesaanto-ja-tyoohjeet","status":"publish","type":"page","link":"https:\/\/siperianhusky.fi\/wp\/jalostusneuvonnan-ohjesaanto-ja-tyoohjeet\/","title":{"rendered":"Jalostusneuvonnan ohjes\u00e4\u00e4nt\u00f6 ja ty\u00f6ohjeet"},"content":{"rendered":"\t\t<div data-elementor-type=\"wp-post\" data-elementor-id=\"263\" class=\"elementor elementor-263 elementor-bc-flex-widget\">\n\t\t\t\t\t\t<section class=\"elementor-section elementor-top-section elementor-element elementor-element-edopjep elementor-hidden-phone elementor-section-boxed elementor-section-height-default elementor-section-height-default\" data-id=\"edopjep\" data-element_type=\"section\" data-e-type=\"section\">\n\t\t\t\t\t\t<div class=\"elementor-container elementor-column-gap-default\">\n\t\t\t\t\t<div class=\"elementor-column elementor-col-100 elementor-top-column elementor-element elementor-element-tnyqgvl\" data-id=\"tnyqgvl\" data-element_type=\"column\" data-e-type=\"column\">\n\t\t\t<div class=\"elementor-widget-wrap elementor-element-populated\">\n\t\t\t\t\t\t<div class=\"elementor-element elementor-element-bdusara elementor-hidden-phone elementor-widget elementor-widget-image\" data-id=\"bdusara\" data-element_type=\"widget\" data-e-type=\"widget\" data-widget_type=\"image.default\">\n\t\t\t\t<div class=\"elementor-widget-container\">\n\t\t\t\t\t\t\t\t\t\t\t\t\t\t\t<img fetchpriority=\"high\" decoding=\"async\" width=\"1110\" height=\"530\" src=\"https:\/\/siperianhusky.fi\/wp\/wp-content\/uploads\/2017\/08\/DSC0144-2-1110x530.jpg\" class=\"attachment-shapely-full size-shapely-full wp-image-40\" alt=\"\" srcset=\"https:\/\/siperianhusky.fi\/wp\/wp-content\/uploads\/2017\/08\/DSC0144-2-1110x530.jpg 1110w, https:\/\/siperianhusky.fi\/wp\/wp-content\/uploads\/2017\/08\/DSC0144-2-730x350.jpg 730w\" sizes=\"(max-width: 1110px) 100vw, 1110px\" \/>\t\t\t\t\t\t\t\t\t\t\t\t\t\t\t<\/div>\n\t\t\t\t<\/div>\n\t\t\t\t\t<\/div>\n\t\t<\/div>\n\t\t\t\t\t<\/div>\n\t\t<\/section>\n\t\t\t\t<section class=\"elementor-section elementor-top-section elementor-element elementor-element-xwkvfcr elementor-section-boxed elementor-section-height-default elementor-section-height-default\" data-id=\"xwkvfcr\" data-element_type=\"section\" data-e-type=\"section\">\n\t\t\t\t\t\t<div class=\"elementor-container elementor-column-gap-default\">\n\t\t\t\t\t<div class=\"elementor-column elementor-col-100 elementor-top-column elementor-element elementor-element-dogpnyr\" data-id=\"dogpnyr\" data-element_type=\"column\" data-e-type=\"column\">\n\t\t\t<div class=\"elementor-widget-wrap elementor-element-populated\">\n\t\t\t\t\t\t<div class=\"elementor-element elementor-element-gohnspf elementor-widget elementor-widget-heading\" data-id=\"gohnspf\" data-element_type=\"widget\" data-e-type=\"widget\" data-widget_type=\"heading.default\">\n\t\t\t\t<div class=\"elementor-widget-container\">\n\t\t\t\t\t<h1 class=\"elementor-heading-title elementor-size-default\">Jalostusneuvonnan ohjes\u00e4\u00e4nt\u00f6 ja ty\u00f6ohjeet<\/h1>\t\t\t\t<\/div>\n\t\t\t\t<\/div>\n\t\t\t\t\t<\/div>\n\t\t<\/div>\n\t\t\t\t\t<\/div>\n\t\t<\/section>\n\t\t\t\t<section class=\"elementor-section elementor-top-section elementor-element elementor-element-jjyhxnr elementor-section-boxed elementor-section-height-default elementor-section-height-default\" data-id=\"jjyhxnr\" data-element_type=\"section\" data-e-type=\"section\">\n\t\t\t\t\t\t<div class=\"elementor-container elementor-column-gap-default\">\n\t\t\t\t\t<div class=\"elementor-column elementor-col-100 elementor-top-column elementor-element elementor-element-tlonlcm\" data-id=\"tlonlcm\" data-element_type=\"column\" data-e-type=\"column\">\n\t\t\t<div class=\"elementor-widget-wrap elementor-element-populated\">\n\t\t\t\t\t\t<div class=\"elementor-element elementor-element-qjelloi elementor-widget elementor-widget-text-editor\" data-id=\"qjelloi\" data-element_type=\"widget\" data-e-type=\"widget\" data-widget_type=\"text-editor.default\">\n\t\t\t\t<div class=\"elementor-widget-container\">\n\t\t\t\t\t\t\t\t\t<p>Hyv\u00e4ksytty SHS:n hallituksen kokouksessa 8.11.2002<br \/> Julkaistu Siperianhusky-lehdess\u00e4 2-2003 .<\/p><p><b>SHS:n Jalostusneuvojien ohjes\u00e4\u00e4nt\u00f6 ja ty\u00f6ohjeet<br \/> <\/b><br \/> 1. SHS:n vuosikokous valitsee jalostusneuvonnan puheenjohtajan ja muut j\u00e4senet (3 &#8211; 4). Valittujen j\u00e4senten olisi kyett\u00e4v\u00e4 sitoutumaan ainakin kolmeksi (3) vuodeksi, sill\u00e4 vuosi on aivan liian v\u00e4h\u00e4n pitk\u00e4j\u00e4nnitteiseen toimintaan.<\/p><p>2. Jalostusneuvonta on hallituksen alainen elin, joka laatii tarvittaessa ehdotuksia\/lausuntoja\/ohjelmia koskien jalostustoimintaa ja informoi hallitusta toiminnastaan. Hallitukseen nimet\u00e4\u00e4n jalostusneuvonnan yhteyshenkil\u00f6, ellei jalostusneuvonnassa jo ole hallituksen j\u00e4sent\u00e4.<br \/> Jalostusneuvojien teht\u00e4v\u00e4 on neuvoa ja opastaa jalostusasioissa.<\/p><p>3. Jalostusneuvojat pit\u00e4v\u00e4t aktiivisesti yhteytt\u00e4 toisiinsa: kokoontumalla, puhelimitse, e-maililla, kirjeitse jne. Kokoontumisista tehd\u00e4\u00e4n p\u00f6yt\u00e4kirja hallitukselle.<\/p><p>4. Jalostusneuvojat laativat toimintakertomuksensa hallitukselle sek\u00e4 toimintasuunnitelman seuraavalle kaudelle kirjallisesti.<\/p><p>5. Jalostusneuvojat tiedottavat jalostus- ja kasvatusasioista Siperianhusky-lehdess\u00e4, sek\u00e4 julkaisevat vuosittaiset tilastot Siperianhusky-lehdess\u00e4 ja lataavat ne my\u00f6s Internetiin.<\/p><p>6. Jalostusneuvonta on puolueetonta, ainoastaan rodun etua ajattelevaa ja sen teht\u00e4v\u00e4 on opastava ja ohjaava, sill\u00e4 kasvattajalla on viimek\u00e4den vastuu jalostusty\u00f6st\u00e4\u00e4n.<\/p><p>7. Jalostusneuvojat eiv\u00e4t koskaan hyv\u00e4ksy eiv\u00e4tk\u00e4 hylk\u00e4\u00e4 jalostuskoiria\/yhdistelmi\u00e4, vaan opastavat ja ohjaavat kasvattajia oikeaan valintaan. Jalostusneuvojat voivat my\u00f6s antaa ehdotuksia k\u00e4ytt\u00f6kelpoisista uroksista ja eri kasvattajista, joilla uroksia on, mutta vastuu valinnasta ja seurauksista on aina kasvattajan<\/p><p>8. Jalostusneuvojat ovat vaitiolovelvollisia<\/p><p>9. Jalostusneuvojien toimenkuvaan kuuluu mm.:<\/p><p>\u2022 lausuntojen laatiminen jalostusasioista ja niiden esitt\u00e4minen SHS:n hallitukselle<br \/> \u2022 tarvittavien tilastojen tekeminen (nly\/kilp\/koetul) ja yhteenvetojen laadinta ja yll\u00e4pito.<br \/> \u2022 rotukohtaisen jalostuksen tavoiteohjelman yll\u00e4pito ja p\u00e4ivitt\u00e4minen<br \/> \u2022 terveystietojen kartoitus, tilastointi ja julkaisu<br \/> \u2022 hankkia ja jakaa jalostusta\/kasvatusta ja perinn\u00f6llisyytt\u00e4 ja siperianhuskyn terveytt\u00e4 koskevia<br \/> <span style=\"color: #ffffff;\">\u2022\u00a0<\/span>ohjeita ja tietoja.<br \/> \u2022 valistaa j\u00e4senist\u00f6\u00e4 julkaisemalla tarvittavaa tietoa Siperianhusky-lehdess\u00e4 ja Internetiss\u00e4.*<br \/> \u2022 pyrki\u00e4 yhteisty\u00f6h\u00f6n ulkomaisten j\u00e4rjest\u00f6jen kanssa ja tietojen vaihtoon sh-rodusta my\u00f6s maailmanlaajuisesti, niin koirien taustoista, ty\u00f6skentelykyvyst\u00e4 ja terveydest\u00e4 kuin sairausriskeist\u00e4kin<br \/> \u2022 itsen\u00e4inen tietojen hankinta ja sen tiedon levitt\u00e4minen j\u00e4senille puhelimitse, kirjeitse sek\u00e4 SH-lehden ja Internetin \/ e-mailin v\u00e4lityksell\u00e4.<\/p><p><a href=\"http:\/\/siperianhusky.fi\/wp\/jalostusneuvonta\/\">Takaisin jalostusneuvonnan sivulle<\/a><\/p>\t\t\t\t\t\t\t\t<\/div>\n\t\t\t\t<\/div>\n\t\t\t\t\t<\/div>\n\t\t<\/div>\n\t\t\t\t\t<\/div>\n\t\t<\/section>\n\t\t\t\t<\/div>\n\t\t","protected":false},"excerpt":{"rendered":"<p>Jalostusneuvonnan ohjes\u00e4\u00e4nt\u00f6 ja ty\u00f6ohjeet Hyv\u00e4ksytty SHS:n hallituksen kokouksessa 8.11.2002 Julkaistu Siperianhusky-lehdess\u00e4 2-2003 . SHS:n Jalostusneuvojien ohjes\u00e4\u00e4nt\u00f6 ja ty\u00f6ohjeet 1. SHS:n &hellip; <a href=\"https:\/\/siperianhusky.fi\/wp\/jalostusneuvonnan-ohjesaanto-ja-tyoohjeet\/\" class=\"more-link\">Continue reading <span class=\"screen-reader-text\">Jalostusneuvonnan ohjes\u00e4\u00e4nt\u00f6 ja ty\u00f6ohjeet<\/span><\/a><\/p>\n","protected":false},"author":3,"featured_media":0,"parent":0,"menu_order":0,"comment_status":"closed","ping_status":"closed","template":"","meta":{"footnotes":""},"class_list":["post-263","page","type-page","status-publish","hentry"],"yoast_head":"<!-- This site is optimized with the Yoast SEO plugin v27.2 - https:\/\/yoast.com\/product\/yoast-seo-wordpress\/ -->\n<title>Jalostusneuvonnan ohjes\u00e4\u00e4nt\u00f6 ja ty\u00f6ohjeet - SHS<\/title>\n<meta name=\"robots\" content=\"index, follow, max-snippet:-1, max-image-preview:large, max-video-preview:-1\" \/>\n<link rel=\"canonical\" href=\"https:\/\/siperianhusky.fi\/wp\/jalostusneuvonnan-ohjesaanto-ja-tyoohjeet\/\" \/>\n<meta property=\"og:locale\" content=\"fi_FI\" \/>\n<meta property=\"og:type\" content=\"article\" \/>\n<meta property=\"og:title\" content=\"Jalostusneuvonnan ohjes\u00e4\u00e4nt\u00f6 ja ty\u00f6ohjeet - SHS\" \/>\n<meta property=\"og:description\" content=\"Jalostusneuvonnan ohjes\u00e4\u00e4nt\u00f6 ja ty\u00f6ohjeet Hyv\u00e4ksytty SHS:n hallituksen kokouksessa 8.11.2002 Julkaistu Siperianhusky-lehdess\u00e4 2-2003 . SHS:n Jalostusneuvojien ohjes\u00e4\u00e4nt\u00f6 ja ty\u00f6ohjeet 1. SHS:n &hellip; Continue reading Jalostusneuvonnan ohjes\u00e4\u00e4nt\u00f6 ja ty\u00f6ohjeet\" \/>\n<meta property=\"og:url\" content=\"https:\/\/siperianhusky.fi\/wp\/jalostusneuvonnan-ohjesaanto-ja-tyoohjeet\/\" \/>\n<meta property=\"og:site_name\" content=\"SHS\" \/>\n<meta property=\"article:modified_time\" content=\"2018-03-27T13:12:14+00:00\" \/>\n<meta property=\"og:image\" content=\"http:\/\/siperianhusky.fi\/wp\/wp-content\/uploads\/2017\/08\/DSC0144-2-1110x530.jpg\" \/>\n<meta name=\"twitter:card\" content=\"summary_large_image\" \/>\n<meta name=\"twitter:label1\" content=\"Arvioitu lukuaika\" \/>\n\t<meta name=\"twitter:data1\" content=\"2 minuuttia\" \/>\n<script type=\"application\/ld+json\" class=\"yoast-schema-graph\">{\"@context\":\"https:\/\/schema.org\",\"@graph\":[{\"@type\":\"WebPage\",\"@id\":\"https:\/\/siperianhusky.fi\/wp\/jalostusneuvonnan-ohjesaanto-ja-tyoohjeet\/\",\"url\":\"https:\/\/siperianhusky.fi\/wp\/jalostusneuvonnan-ohjesaanto-ja-tyoohjeet\/\",\"name\":\"Jalostusneuvonnan ohjes\u00e4\u00e4nt\u00f6 ja ty\u00f6ohjeet - SHS\",\"isPartOf\":{\"@id\":\"https:\/\/siperianhusky.fi\/wp\/#website\"},\"primaryImageOfPage\":{\"@id\":\"https:\/\/siperianhusky.fi\/wp\/jalostusneuvonnan-ohjesaanto-ja-tyoohjeet\/#primaryimage\"},\"image\":{\"@id\":\"https:\/\/siperianhusky.fi\/wp\/jalostusneuvonnan-ohjesaanto-ja-tyoohjeet\/#primaryimage\"},\"thumbnailUrl\":\"http:\/\/siperianhusky.fi\/wp\/wp-content\/uploads\/2017\/08\/DSC0144-2-1110x530.jpg\",\"datePublished\":\"2017-09-05T07:37:42+00:00\",\"dateModified\":\"2018-03-27T13:12:14+00:00\",\"breadcrumb\":{\"@id\":\"https:\/\/siperianhusky.fi\/wp\/jalostusneuvonnan-ohjesaanto-ja-tyoohjeet\/#breadcrumb\"},\"inLanguage\":\"fi\",\"potentialAction\":[{\"@type\":\"ReadAction\",\"target\":[\"https:\/\/siperianhusky.fi\/wp\/jalostusneuvonnan-ohjesaanto-ja-tyoohjeet\/\"]}]},{\"@type\":\"ImageObject\",\"inLanguage\":\"fi\",\"@id\":\"https:\/\/siperianhusky.fi\/wp\/jalostusneuvonnan-ohjesaanto-ja-tyoohjeet\/#primaryimage\",\"url\":\"https:\/\/siperianhusky.fi\/wp\/wp-content\/uploads\/2017\/08\/DSC0144-2.jpg\",\"contentUrl\":\"https:\/\/siperianhusky.fi\/wp\/wp-content\/uploads\/2017\/08\/DSC0144-2.jpg\",\"width\":4928,\"height\":3264},{\"@type\":\"BreadcrumbList\",\"@id\":\"https:\/\/siperianhusky.fi\/wp\/jalostusneuvonnan-ohjesaanto-ja-tyoohjeet\/#breadcrumb\",\"itemListElement\":[{\"@type\":\"ListItem\",\"position\":1,\"name\":\"Home\",\"item\":\"https:\/\/siperianhusky.fi\/wp\/\"},{\"@type\":\"ListItem\",\"position\":2,\"name\":\"Jalostusneuvonnan ohjes\u00e4\u00e4nt\u00f6 ja ty\u00f6ohjeet\"}]},{\"@type\":\"WebSite\",\"@id\":\"https:\/\/siperianhusky.fi\/wp\/#website\",\"url\":\"https:\/\/siperianhusky.fi\/wp\/\",\"name\":\"SHS\",\"description\":\"Suomalainen Siperianhusky -seura - Finska Siberian Husky s\u00e4llskapet ry\",\"potentialAction\":[{\"@type\":\"SearchAction\",\"target\":{\"@type\":\"EntryPoint\",\"urlTemplate\":\"https:\/\/siperianhusky.fi\/wp\/?s={search_term_string}\"},\"query-input\":{\"@type\":\"PropertyValueSpecification\",\"valueRequired\":true,\"valueName\":\"search_term_string\"}}],\"inLanguage\":\"fi\"}]}<\/script>\n<!-- \/ Yoast SEO plugin. -->","yoast_head_json":{"title":"Jalostusneuvonnan ohjes\u00e4\u00e4nt\u00f6 ja ty\u00f6ohjeet - SHS","robots":{"index":"index","follow":"follow","max-snippet":"max-snippet:-1","max-image-preview":"max-image-preview:large","max-video-preview":"max-video-preview:-1"},"canonical":"https:\/\/siperianhusky.fi\/wp\/jalostusneuvonnan-ohjesaanto-ja-tyoohjeet\/","og_locale":"fi_FI","og_type":"article","og_title":"Jalostusneuvonnan ohjes\u00e4\u00e4nt\u00f6 ja ty\u00f6ohjeet - SHS","og_description":"Jalostusneuvonnan ohjes\u00e4\u00e4nt\u00f6 ja ty\u00f6ohjeet Hyv\u00e4ksytty SHS:n hallituksen kokouksessa 8.11.2002 Julkaistu Siperianhusky-lehdess\u00e4 2-2003 . SHS:n Jalostusneuvojien ohjes\u00e4\u00e4nt\u00f6 ja ty\u00f6ohjeet 1. SHS:n &hellip; Continue reading Jalostusneuvonnan ohjes\u00e4\u00e4nt\u00f6 ja ty\u00f6ohjeet","og_url":"https:\/\/siperianhusky.fi\/wp\/jalostusneuvonnan-ohjesaanto-ja-tyoohjeet\/","og_site_name":"SHS","article_modified_time":"2018-03-27T13:12:14+00:00","og_image":[{"url":"http:\/\/siperianhusky.fi\/wp\/wp-content\/uploads\/2017\/08\/DSC0144-2-1110x530.jpg","type":"","width":"","height":""}],"twitter_card":"summary_large_image","twitter_misc":{"Arvioitu lukuaika":"2 minuuttia"},"schema":{"@context":"https:\/\/schema.org","@graph":[{"@type":"WebPage","@id":"https:\/\/siperianhusky.fi\/wp\/jalostusneuvonnan-ohjesaanto-ja-tyoohjeet\/","url":"https:\/\/siperianhusky.fi\/wp\/jalostusneuvonnan-ohjesaanto-ja-tyoohjeet\/","name":"Jalostusneuvonnan ohjes\u00e4\u00e4nt\u00f6 ja ty\u00f6ohjeet - SHS","isPartOf":{"@id":"https:\/\/siperianhusky.fi\/wp\/#website"},"primaryImageOfPage":{"@id":"https:\/\/siperianhusky.fi\/wp\/jalostusneuvonnan-ohjesaanto-ja-tyoohjeet\/#primaryimage"},"image":{"@id":"https:\/\/siperianhusky.fi\/wp\/jalostusneuvonnan-ohjesaanto-ja-tyoohjeet\/#primaryimage"},"thumbnailUrl":"http:\/\/siperianhusky.fi\/wp\/wp-content\/uploads\/2017\/08\/DSC0144-2-1110x530.jpg","datePublished":"2017-09-05T07:37:42+00:00","dateModified":"2018-03-27T13:12:14+00:00","breadcrumb":{"@id":"https:\/\/siperianhusky.fi\/wp\/jalostusneuvonnan-ohjesaanto-ja-tyoohjeet\/#breadcrumb"},"inLanguage":"fi","potentialAction":[{"@type":"ReadAction","target":["https:\/\/siperianhusky.fi\/wp\/jalostusneuvonnan-ohjesaanto-ja-tyoohjeet\/"]}]},{"@type":"ImageObject","inLanguage":"fi","@id":"https:\/\/siperianhusky.fi\/wp\/jalostusneuvonnan-ohjesaanto-ja-tyoohjeet\/#primaryimage","url":"https:\/\/siperianhusky.fi\/wp\/wp-content\/uploads\/2017\/08\/DSC0144-2.jpg","contentUrl":"https:\/\/siperianhusky.fi\/wp\/wp-content\/uploads\/2017\/08\/DSC0144-2.jpg","width":4928,"height":3264},{"@type":"BreadcrumbList","@id":"https:\/\/siperianhusky.fi\/wp\/jalostusneuvonnan-ohjesaanto-ja-tyoohjeet\/#breadcrumb","itemListElement":[{"@type":"ListItem","position":1,"name":"Home","item":"https:\/\/siperianhusky.fi\/wp\/"},{"@type":"ListItem","position":2,"name":"Jalostusneuvonnan ohjes\u00e4\u00e4nt\u00f6 ja ty\u00f6ohjeet"}]},{"@type":"WebSite","@id":"https:\/\/siperianhusky.fi\/wp\/#website","url":"https:\/\/siperianhusky.fi\/wp\/","name":"SHS","description":"Suomalainen Siperianhusky -seura - Finska Siberian Husky s\u00e4llskapet ry","potentialAction":[{"@type":"SearchAction","target":{"@type":"EntryPoint","urlTemplate":"https:\/\/siperianhusky.fi\/wp\/?s={search_term_string}"},"query-input":{"@type":"PropertyValueSpecification","valueRequired":true,"valueName":"search_term_string"}}],"inLanguage":"fi"}]}},"_links":{"self":[{"href":"https:\/\/siperianhusky.fi\/wp\/wp-json\/wp\/v2\/pages\/263","targetHints":{"allow":["GET"]}}],"collection":[{"href":"https:\/\/siperianhusky.fi\/wp\/wp-json\/wp\/v2\/pages"}],"about":[{"href":"https:\/\/siperianhusky.fi\/wp\/wp-json\/wp\/v2\/types\/page"}],"author":[{"embeddable":true,"href":"https:\/\/siperianhusky.fi\/wp\/wp-json\/wp\/v2\/users\/3"}],"replies":[{"embeddable":true,"href":"https:\/\/siperianhusky.fi\/wp\/wp-json\/wp\/v2\/comments?post=263"}],"version-history":[{"count":4,"href":"https:\/\/siperianhusky.fi\/wp\/wp-json\/wp\/v2\/pages\/263\/revisions"}],"predecessor-version":[{"id":2803,"href":"https:\/\/siperianhusky.fi\/wp\/wp-json\/wp\/v2\/pages\/263\/revisions\/2803"}],"wp:attachment":[{"href":"https:\/\/siperianhusky.fi\/wp\/wp-json\/wp\/v2\/media?parent=263"}],"curies":[{"name":"wp","href":"https:\/\/api.w.org\/{rel}","templated":true}]}}